{"id":14,"date":"2020-01-23T10:59:02","date_gmt":"2020-01-23T13:59:02","guid":{"rendered":"http:\/\/www.radade.com.br\/site\/?page_id=14"},"modified":"2025-05-13T20:30:28","modified_gmt":"2025-05-13T23:30:28","slug":"marca","status":"publish","type":"page","link":"http:\/\/www.radade.com.br\/site\/marca\/","title":{"rendered":"A Marca"},"content":{"rendered":"<p>[et_pb_section fb_built=&#8221;1&#8243; custom_padding_last_edited=&#8221;on|tablet&#8221; module_id=&#8221;marca&#8221; _builder_version=&#8221;4.27.2&#8243; use_background_color_gradient=&#8221;on&#8221; background_color_gradient_stops=&#8221;rgba(0,0,0,0.51) 0%|rgba(0,0,0,0.45) 100%&#8221; background_color_gradient_start=&#8221;rgba(0,0,0,0.51)&#8221; background_color_gradient_end=&#8221;rgba(0,0,0,0.45)&#8221; background_image=&#8221;http:\/\/www.radade.com.br\/site\/wp-content\/uploads\/2025\/05\/MARCA.jpg&#8221; parallax=&#8221;on&#8221; custom_padding=&#8221;142px||179px|||&#8221; custom_padding_tablet=&#8221;47px||67px||false|false&#8221; custom_padding_phone=&#8221;30px||44px||false|false&#8221; global_colors_info=&#8221;{}&#8221;][et_pb_row column_structure=&#8221;1_2,1_2&#8243; _builder_version=&#8221;4.16&#8243; global_colors_info=&#8221;{}&#8221;][et_pb_column type=&#8221;1_2&#8243; _builder_version=&#8221;4.16&#8243; global_colors_info=&#8221;{}&#8221;][et_pb_text _builder_version=&#8221;4.27.2&#8243; _module_preset=&#8221;default&#8221; text_font=&#8221;Roboto||||||||&#8221; text_text_color=&#8221;#FFFFFF&#8221; text_font_size=&#8221;40px&#8221; hover_enabled=&#8221;0&#8243; global_colors_info=&#8221;{}&#8221; text_font_size_last_edited=&#8221;on|desktop&#8221; text_font_size_phone=&#8221;33px&#8221; sticky_enabled=&#8221;0&#8243; text_font_size_tablet=&#8221;40px&#8221;]<\/p>\n<p>SEMPRE COM VOC\u00ca<\/p>\n<p>[\/et_pb_text][et_pb_text _builder_version=&#8221;4.27.2&#8243; text_font=&#8221;Roboto||||||||&#8221; text_text_color=&#8221;#FFFFFF&#8221; text_font_size=&#8221;18px&#8221; text_line_height=&#8221;1.6em&#8221; text_orientation=&#8221;justified&#8221; width=&#8221;124.4%&#8221; width_tablet=&#8221;100%&#8221; width_phone=&#8221;98%&#8221; width_last_edited=&#8221;on|phone&#8221; custom_margin=&#8221;50px|-114px||||&#8221; custom_padding=&#8221;|11px||||&#8221; hover_enabled=&#8221;0&#8243; text_font_size_tablet=&#8221;&#8221; text_font_size_phone=&#8221;16px&#8221; text_font_size_last_edited=&#8221;on|phone&#8221; global_colors_info=&#8221;{}&#8221; sticky_enabled=&#8221;0&#8243;]<\/p>\n<p>H\u00e1 mais de 30 anos no segmento country, sendo a pioneira no Brasil na confecc\u00e3o de bon\u00e9s para esse estilo, a Radade se encontra hoje como uma marca consolidada, com um portf\u00f3lio de produtos diferenciados para atender a necessidade de seus consumidores.<br \/>Em toda a sua hist\u00f3ria, e com o passar dos anos, a marca Radade sempre buscou a tradi\u00e7\u00e3o bem como a inova\u00e7\u00e3o nos seus produtos para seus clientes que tem no country uma paix\u00e3o e um estilo de vida.<br \/>A miss\u00e3o da Radade \u00e9 \u201cDesenvolver e confeccionar roupas e acess\u00f3rios para os seguidores do estilo country, atendendo as suas necessidades, de acordo com suas prefer\u00eancias, de forma diferenciada, proporcionando um maior conforto com qualidade, atuando com distin\u00e7\u00e3o no mercado country\u201d.<\/p>\n<p>[\/et_pb_text][\/et_pb_column][et_pb_column type=&#8221;1_2&#8243; _builder_version=&#8221;4.16&#8243; global_colors_info=&#8221;{}&#8221;][\/et_pb_column][\/et_pb_row][\/et_pb_section]<\/p>\n","protected":false},"excerpt":{"rendered":"<p>SEMPRE COM VOC\u00caH\u00e1 mais de 30 anos no segmento country, sendo a pioneira no Brasil na confecc\u00e3o de bon\u00e9s para esse estilo, a Radade se encontra hoje como uma marca consolidada, com um portf\u00f3lio de produtos diferenciados para atender a necessidade de seus consumidores.Em toda a sua hist\u00f3ria, e com o passar dos anos, a [&hellip;]<\/p>\n","protected":false},"author":1,"featured_media":0,"parent":0,"menu_order":0,"comment_status":"closed","ping_status":"closed","template":"","meta":{"_et_pb_use_builder":"on","_et_pb_old_content":"<!-- wp:divi\/placeholder \/-->","_et_gb_content_width":"","footnotes":""},"class_list":["post-14","page","type-page","status-publish","hentry"],"jetpack_sharing_enabled":true,"_links":{"self":[{"href":"http:\/\/www.radade.com.br\/site\/wp-json\/wp\/v2\/pages\/14","targetHints":{"allow":["GET"]}}],"collection":[{"href":"http:\/\/www.radade.com.br\/site\/wp-json\/wp\/v2\/pages"}],"about":[{"href":"http:\/\/www.radade.com.br\/site\/wp-json\/wp\/v2\/types\/page"}],"author":[{"embeddable":true,"href":"http:\/\/www.radade.com.br\/site\/wp-json\/wp\/v2\/users\/1"}],"replies":[{"embeddable":true,"href":"http:\/\/www.radade.com.br\/site\/wp-json\/wp\/v2\/comments?post=14"}],"version-history":[{"count":15,"href":"http:\/\/www.radade.com.br\/site\/wp-json\/wp\/v2\/pages\/14\/revisions"}],"predecessor-version":[{"id":3547,"href":"http:\/\/www.radade.com.br\/site\/wp-json\/wp\/v2\/pages\/14\/revisions\/3547"}],"wp:attachment":[{"href":"http:\/\/www.radade.com.br\/site\/wp-json\/wp\/v2\/media?parent=14"}],"curies":[{"name":"wp","href":"https:\/\/api.w.org\/{rel}","templated":true}]}}